{"id":525,"date":"2017-04-20T11:10:37","date_gmt":"2017-04-20T09:10:37","guid":{"rendered":"http:\/\/clienti.valnan.it\/test\/colombo2017\/privacy\/"},"modified":"2024-08-19T19:23:44","modified_gmt":"2024-08-19T17:23:44","slug":"privacy","status":"publish","type":"page","link":"https:\/\/www.residencecolomboviareggio.it\/ru\/privacy\/","title":{"rendered":"Privacy"},"content":{"rendered":"<p class=\"p1\"><span class=\"s1\"><b>Aggiornata al Regolamento GDPR UE 2016\/679<br \/>\n<\/b><\/span><strong>(Regolamento Europeo in materia di protezione dei dati personali)<br \/>\n<\/strong><br \/>\n<strong> Introduzione<\/strong><br \/>\nResidence Colombo Srl, societ\u00e0 che gestisce i servizi resi all\u2019interno della struttura Residence Colombo in Viareggio, prende in seria considerazione la privacy dell\u2019utente e si impegna al rispetto della stessa. La presente privacy policy (\u201cPrivacy Policy\u201d) descrive le attivit\u00e0 di trattamento di dati personali realizzate dal Residence Colombo Srl tramite il sito www.residencecolomboviareggio.it (Sito) e i relativi impegni assunti in tal senso dalla Societ\u00e0. Residence Colombo srl pu\u00f2 trattare i dati personali dell\u2019utente quando questi visita il Sito e utilizza i servizi e le funzionalit\u00e0 presenti sul Sito. All\u2019interno del Sito \u00e8 normalmente pubblicata una specifica informativa ai sensi dell\u2019art. 13 \/15 del Reg. UE 2016\/679. Ove previsto dal Reg. UE 2016\/679 sar\u00e0 richiesto il consenso dell\u2019utente prima di procedere al trattamento dei suoi dati personali. Se l\u2019utente fornisce dati personali di terzi, deve provvedere affinch\u00e9 la comunicazione dei dati a Residence Colombo Srl e il successivo trattamento per le finalit\u00e0 specificate nell\u2019informativa privacy applicabile sia conforme al Reg. UE 2016\/679 e alla normativa applicabile.<\/p>\n<p><strong>Tipologia di dati trattati<\/strong><br \/>\nLa visita e la consultazione del Sito non comportano in genere raccolta e trattamento dei dati personali dell\u2019utente salvo che per i dati di navigazione e i cookie come da Politica dei Cookies specificata e quelli lasciati direttamente e volontariamente dai clienti. In aggiunta ai cosiddetti \u201cdati di navigazione\u201d (vedasi oltre), potranno essere oggetto di trattamento dati personali volontariamente forniti dall\u2019utente quando questi interagisce con le funzionalit\u00e0 del Sito o chiede di fruire dei servizi offerti sul Sito. Nel rispetto del Codice Privacy, Residence Colombo Srl potrebbe altres\u00ec raccogliere i dati personali dell\u2019utente presso terzi nello svolgimento della propria attivit\u00e0.<\/p>\n<p><strong>Conservazione dei dati personali<\/strong><br \/>\nI dati personali sono conservati e trattati attraverso sistemi informatici di propriet\u00e0 di Residence Colombo Srl e gestiti da Residence Colombo Srl o da terzi fornitori di servizi tecnici; una lista dei Responsabili terzi \u00e8 liberamente disponibile presso l\u2019azienda. I dati sono trattati esclusivamente da personale specificamente autorizzato, incluso il personale incaricato di svolgere operazioni di manutenzione straordinaria.<\/p>\n<p><strong>Finalit\u00e0 e metodi trattamenti dati<\/strong><br \/>\nResidence Colombo Srl pu\u00f2 trattare i dati personali comuni e sensibili dell\u2019utente per le seguenti finalit\u00e0: utilizzo da parte degli utenti di servizi e funzionalit\u00e0 presenti sul Sito, gestione di richieste e segnalazioni da parte dei propri utenti, invio di newsletter, gestione delle candidature pervenute attraverso il Sito, etc. Inoltre, con l\u2019ulteriore e specifico consenso facoltativo dell\u2019utente, Residence Colombo Srl potr\u00e0 trattare i dati personali per finalit\u00e0 di marketing, cio\u00e8 per inviare all\u2019utente materiale promozionale e\/o comunicazioni commerciali attinenti ai servizi della Societ\u00e0, presso i recapiti indicati, sia attraverso modalit\u00e0 e\/o mezzi di contatto tradizionali (quali, posta cartacea, telefonate con operatore, etc.) che automatizzati (quali, comunicazioni via internet, fax, e-mail, sms, applicazioni per dispositivi mobili quali smartphone e tablet &#8212; cd. APPS-, account di social network -ad es. via Facebook o Twitter-, etc.). I dati personali sono trattati sia in forma cartacea che elettronica ed immessi nel sistema informativo aziendale nel pieno rispetto del Reg UE 2016\/679, compresi i profili di sicurezza e confidenzialit\u00e0 ed ispirandosi ai principi di correttezza e liceit\u00e0 di trattamento. In conformit\u00e0 al Reg UE 2016\/679 i dati sono custoditi e conservati per 5 anni salvo quanto disposto diversamente da altre norme.<\/p>\n<p><strong>Sicurezza e qualit\u00e0 dei dati personali<\/strong><br \/>\nResidence Colombo Srl si impegna a proteggere la sicurezza dei dati personali dell\u2019utente e rispetta le disposizioni in materia di sicurezza previste dalla normativa applicabile al fine di evitare perdite di dati, usi illegittimi o illeciti dei dati e accessi non autorizzati agli stessi, con particolare riferimento al Disciplinare Tecnico in materia di misure minime di sicurezza. Inoltre, i sistemi informativi e i programmi informatici utilizzati da Residence Colombo Srl sono configurati in modo da ridurre al minimo l\u2019uso di dati personali e identificativi; tali dati sono trattati solo per il conseguimento delle specifiche finalit\u00e0 di volta in volta perseguite. Residence Colombo Srl utilizza molteplici tecnologie avanzate di sicurezza e procedure atte a favorire la protezione dei dati personali degli utenti; ad esempio, i dati personali sono conservati su server sicuri ubicati in luoghi ad accesso protetto e controllato. L\u2019utente pu\u00f2 aiutare Residence Colombo Srl ad aggiornare e mantenere corretti i propri dati personali comunicando qualsiasi modifica relativa al proprio indirizzo, alla propria qualifica, alle informazioni di contatto, etc.<\/p>\n<p><strong>Ambito di comunicazione e di accesso dei dati<\/strong><br \/>\nI dati personali dell\u2019utente potranno essere comunicati a:<br \/>\n\u2022 tutti i soggetti cui la facolt\u00e0 di accesso a tali dati \u00e8 riconosciuta in forza di provvedimenti normativi;<br \/>\n\u2022 ai nostri collaboratori, dipendenti, nell&#8217;ambito delle relative mansioni;<br \/>\n\u2022 a tutte quelle persone fisiche e\/o giuridiche, pubbliche e\/o private quando la comunicazione risulti necessaria o funzionale allo svolgimento della nostra attivit\u00e0 e nei modi e per le finalit\u00e0 sopra illustrate.<\/p>\n<p><strong>Natura di conferimento dei dati personali<\/strong><br \/>\nIl conferimento di alcuni dati personali da parte dell\u2019utente \u00e8 obbligatorio per consentire alla Societ\u00e0 di gestire le comunicazioni, le richieste pervenute dall\u2019utente o per ricontattare l\u2019utente stesso per dar seguito alla sua richiesta. Per questo tipo di dati il conferimento \u00e8 obbligatorio per consentire alla Societ\u00e0 di dar seguito alla richiesta che, in difetto, non potr\u00e0 essere evasa. Al contrario, la raccolta degli altri dati \u00e8 facoltativa: il mancato conferimento non comporter\u00e0 alcuna conseguenza per l\u2019utente. Il conferimento dei dati personali da parte dell\u2019utente per finalit\u00e0 di marketing, come specificato nella sezione \u201cFinalit\u00e0 e modalit\u00e0 del trattamento\u201d \u00e8 facoltativo e il rifiuto di conferirli non avr\u00e0 alcuna conseguenza. Il consenso conferito per finalit\u00e0 di marketing si intende esteso all\u2019invio di comunicazioni effettuato attraverso modalit\u00e0 e\/o mezzi di contatto sia automatizzati che tradizionali, come sopra esemplificati.<\/p>\n<p><strong>Diritti dell\u2019interessato<\/strong><br \/>\n8.1 Art. 15 (diritto di accesso), 16 (diritto di rettifica) del Reg. UE 2016\/679<br \/>\nL&#8217;interessato ha il diritto di ottenere dal titolare del trattamento la conferma che sia o meno in corso un trattamento di dati personali che lo riguardano e in tal caso, di ottenere l&#8217;accesso ai dati personali e alle seguenti informazioni:<br \/>\na) le finalit\u00e0 del trattamento;<br \/>\nb) le categorie di dati personali in questione;<br \/>\nc) i destinatari o le categorie di destinatari a cui i dati personali sono stati o saranno comunicati, in particolare se destinatari di paesi terzi o organizzazioni internazionali;<br \/>\nd) il periodo di conservazione dei dati personali previsto oppure, se non \u00e8 possibile, i criteri utilizzati per determinare tale periodo;<br \/>\ne) l&#8217;esistenza del diritto dell&#8217;interessato di chiedere al titolare del trattamento la rettifica o la cancellazione dei dati personali o la limitazione del trattamento dei dati personali che lo riguardano o di opporsi al loro trattamento;<br \/>\nf) il diritto di proporre reclamo a un&#8217;autorit\u00e0 di controllo;<br \/>\ng) l&#8217;esistenza di un processo decisionale automatizzato, compresa la profilazione e, almeno in tali casi, informazioni significative sulla logica utilizzata, nonch\u00e9 l&#8217;importanza e le conseguenze previste di tale trattamento per l&#8217;interessato.<br \/>\n8.2 Diritto di cui all\u2019art. 17 del Reg. UE 2016\/679 &#8212; diritto alla cancellazione (\u00abdiritto all&#8217;oblio\u00bb)<br \/>\nL&#8217;interessato ha il diritto di ottenere dal titolare del trattamento la cancellazione dei dati personali che lo riguardano senza ingiustificato ritardo e il titolare del trattamento ha l&#8217;obbligo di cancellare senza ingiustificato ritardo i dati personali, se sussiste uno dei motivi seguenti:<br \/>\na) i dati personali non sono pi\u00f9 necessari rispetto alle finalit\u00e0 per le quali sono stati raccolti o altrimenti trattati;<br \/>\nb) l&#8217;interessato revoca il consenso su cui si basa il trattamento conformemente all&#8217;articolo 6, paragrafo 1, lettera a), o all&#8217;articolo 9, paragrafo 2, lettera a), e se non sussiste altro fondamento giuridico per il trattamento;<br \/>\nc) l&#8217;interessato si oppone al trattamento ai sensi dell&#8217;articolo 21, paragrafo 1, e non sussiste alcun motivo legittimo prevalente per procedere al trattamento, oppure si oppone al trattamento ai sensi dell&#8217;articolo 21, paragrafo 2;<br \/>\nd) i dati personali sono stati trattati illecitamente;<br \/>\ne) i dati personali devono essere cancellati per adempiere un obbligo legale previsto dal diritto dell&#8217;Unione o dello Stato membro cui \u00e8 soggetto il titolare del trattamento;<br \/>\nf) i dati personali sono stati raccolti relativamente all&#8217;offerta di servizi della societ\u00e0 dell&#8217;informazione di cui all&#8217;articolo 8, paragrafo 1 del Reg. UE 2016\/679.<br \/>\n8.3 Diritto di cui all\u2019art. 18 Diritto di limitazione di trattamento<br \/>\nL&#8217;interessato ha il diritto di ottenere dal titolare del trattamento la limitazione del trattamento quando ricorre una delle seguenti ipotesi:<br \/>\na) l&#8217;interessato contesta l&#8217;esattezza dei dati personali, per il periodo necessario al titolare del trattamento per verificare l&#8217;esattezza di tali dati personali;<br \/>\nb) il trattamento \u00e8 illecito e l&#8217;interessato si oppone alla cancellazione dei dati personali e chiede invece che ne sia limitato l&#8217;utilizzo;<br \/>\nc) bench\u00e9 il titolare del trattamento non ne abbia pi\u00f9 bisogno ai fini del trattamento, i dati personali sono necessari all&#8217;interessato per l&#8217;accertamento, l&#8217;esercizio o la difesa di un diritto in sede giudiziaria;<br \/>\nd) l&#8217;interessato si \u00e8 opposto al trattamento ai sensi dell&#8217;articolo 21, paragrafo 1, Reg UE 2016\/679 in attesa della verifica in merito all&#8217;eventuale prevalenza dei motivi legittimi del titolare del trattamento rispetto a quelli dell&#8217;interessato.<br \/>\n8.4 Diritto di cui all\u2019art. 20 Diritto alla portabilit\u00e0 dei dati<br \/>\nL&#8217;interessato ha il diritto di ricevere in un formato strutturato, di uso comune e leggibile da dispositivo automatico i dati personali che lo riguardano forniti a un titolare del trattamento e ha il diritto di trasmettere tali dati a un altro titolare del trattamento senza impedimenti da parte del titolare del trattamento.<\/p>\n<p><strong>Revoca del consenso al trattamento<\/strong><br \/>\nL\u2019interessato facolt\u00e0 di revocare il consenso al trattamento dei Suoi dati personali, inviando una raccomandata A\/R al seguente indirizzo: Residence Colombo Srl Via Scirocco, 53 \u2013 55049 Viareggio (LU), corredato da fotocopia del suo documento di identit\u00e0, con il seguente testo: &lt;&gt;. Al termine di questa operazione i Suoi dati personali saranno rimossi dagli archivi nel pi\u00f9 breve tempo possibile. Se desidera avere maggiori informazioni sul trattamento dei Suoi dati personali, ovvero esercitare i diritti di cui al precedente punto 7, pu\u00f2 inviare una raccomandata A\/R al seguente indirizzo: Residence Colombo Srl Via Scirocco, 53 \u2013 55049 Viareggio (LU). Prima di poterLe fornire, o modificare qualsiasi informazione, potrebbe essere necessario verificare la Sua identit\u00e0 e rispondere ad alcune domande. Una risposta sar\u00e0 fornita al pi\u00f9 presto.<\/p>\n","protected":false},"excerpt":{"rendered":"<p>Aggiornata al Regolamento GDPR UE 2016\/679 (Regolamento Europeo in materia di protezione dei dati personali) Introduzione Residence Colombo Srl, societ\u00e0 che gestisce i servizi resi all\u2019interno della struttura Residence Colombo in Viareggio, prende in seria considerazione la privacy dell\u2019utente e si impegna al rispetto della stessa. La presente privacy policy (\u201cPrivacy Policy\u201d) descrive le attivit\u00e0 [&hellip;]<\/p>\n","protected":false},"author":10,"featured_media":0,"parent":0,"menu_order":0,"comment_status":"closed","ping_status":"closed","template":"","meta":{"footnotes":""},"class_list":["post-525","page","type-page","status-publish","hentry"],"yoast_head":"<!-- This site is optimized with the Yoast SEO plugin v27.2 - https:\/\/yoast.com\/product\/yoast-seo-wordpress\/ -->\n<title>Privacy - Residence Colombo Viareggio<\/title>\n<meta name=\"robots\" content=\"index, follow, max-snippet:-1, max-image-preview:large, max-video-preview:-1\" \/>\n<link rel=\"canonical\" href=\"https:\/\/www.residencecolomboviareggio.it\/ru\/privacy\/\" \/>\n<meta property=\"og:locale\" content=\"ru_RU\" \/>\n<meta property=\"og:type\" content=\"article\" \/>\n<meta property=\"og:title\" content=\"Privacy - Residence Colombo Viareggio\" \/>\n<meta property=\"og:description\" content=\"Aggiornata al Regolamento GDPR UE 2016\/679 (Regolamento Europeo in materia di protezione dei dati personali) Introduzione Residence Colombo Srl, societ\u00e0 che gestisce i servizi resi all\u2019interno della struttura Residence Colombo in Viareggio, prende in seria considerazione la privacy dell\u2019utente e si impegna al rispetto della stessa. La presente privacy policy (\u201cPrivacy Policy\u201d) descrive le attivit\u00e0 [&hellip;]\" \/>\n<meta property=\"og:url\" content=\"https:\/\/www.residencecolomboviareggio.it\/ru\/privacy\/\" \/>\n<meta property=\"og:site_name\" content=\"Residence Colombo Viareggio\" \/>\n<meta property=\"article:publisher\" content=\"https:\/\/www.facebook.com\/ResidenceColomboViareggio\/?fref=ts\" \/>\n<meta property=\"article:modified_time\" content=\"2024-08-19T17:23:44+00:00\" \/>\n<meta name=\"twitter:card\" content=\"summary_large_image\" \/>\n<meta name=\"twitter:label1\" content=\"\u041f\u0440\u0438\u043c\u0435\u0440\u043d\u043e\u0435 \u0432\u0440\u0435\u043c\u044f \u0434\u043b\u044f \u0447\u0442\u0435\u043d\u0438\u044f\" \/>\n\t<meta name=\"twitter:data1\" content=\"8 \u043c\u0438\u043d\u0443\u0442\" \/>\n<script type=\"application\/ld+json\" class=\"yoast-schema-graph\">{\"@context\":\"https:\/\/schema.org\",\"@graph\":[{\"@type\":\"WebPage\",\"@id\":\"https:\/\/www.residencecolomboviareggio.it\/ru\/privacy\/\",\"url\":\"https:\/\/www.residencecolomboviareggio.it\/ru\/privacy\/\",\"name\":\"Privacy - Residence Colombo Viareggio\",\"isPartOf\":{\"@id\":\"https:\/\/www.residencecolomboviareggio.it\/#website\"},\"datePublished\":\"2017-04-20T09:10:37+00:00\",\"dateModified\":\"2024-08-19T17:23:44+00:00\",\"breadcrumb\":{\"@id\":\"https:\/\/www.residencecolomboviareggio.it\/ru\/privacy\/#breadcrumb\"},\"inLanguage\":\"ru-RU\",\"potentialAction\":[{\"@type\":\"ReadAction\",\"target\":[\"https:\/\/www.residencecolomboviareggio.it\/ru\/privacy\/\"]}]},{\"@type\":\"BreadcrumbList\",\"@id\":\"https:\/\/www.residencecolomboviareggio.it\/ru\/privacy\/#breadcrumb\",\"itemListElement\":[{\"@type\":\"ListItem\",\"position\":1,\"name\":\"Home\",\"item\":\"https:\/\/www.residencecolomboviareggio.it\/ru\/\"},{\"@type\":\"ListItem\",\"position\":2,\"name\":\"Privacy\"}]},{\"@type\":\"WebSite\",\"@id\":\"https:\/\/www.residencecolomboviareggio.it\/#website\",\"url\":\"https:\/\/www.residencecolomboviareggio.it\/\",\"name\":\"Residence Colombo Viareggio\",\"description\":\"Appartamenti vacanze Toscana\",\"publisher\":{\"@id\":\"https:\/\/www.residencecolomboviareggio.it\/#organization\"},\"potentialAction\":[{\"@type\":\"SearchAction\",\"target\":{\"@type\":\"EntryPoint\",\"urlTemplate\":\"https:\/\/www.residencecolomboviareggio.it\/?s={search_term_string}\"},\"query-input\":{\"@type\":\"PropertyValueSpecification\",\"valueRequired\":true,\"valueName\":\"search_term_string\"}}],\"inLanguage\":\"ru-RU\"},{\"@type\":\"Organization\",\"@id\":\"https:\/\/www.residencecolomboviareggio.it\/#organization\",\"name\":\"Residence Colombo Viareggio\",\"url\":\"https:\/\/www.residencecolomboviareggio.it\/\",\"logo\":{\"@type\":\"ImageObject\",\"inLanguage\":\"ru-RU\",\"@id\":\"https:\/\/www.residencecolomboviareggio.it\/#\/schema\/logo\/image\/\",\"url\":\"https:\/\/www.residencecolomboviareggio.it\/wp-content\/uploads\/2017\/06\/logo_header.gif\",\"contentUrl\":\"https:\/\/www.residencecolomboviareggio.it\/wp-content\/uploads\/2017\/06\/logo_header.gif\",\"width\":280,\"height\":209,\"caption\":\"Residence Colombo Viareggio\"},\"image\":{\"@id\":\"https:\/\/www.residencecolomboviareggio.it\/#\/schema\/logo\/image\/\"},\"sameAs\":[\"https:\/\/www.facebook.com\/ResidenceColomboViareggio\/?fref=ts\"]}]}<\/script>\n<!-- \/ Yoast SEO plugin. -->","yoast_head_json":{"title":"Privacy - Residence Colombo Viareggio","robots":{"index":"index","follow":"follow","max-snippet":"max-snippet:-1","max-image-preview":"max-image-preview:large","max-video-preview":"max-video-preview:-1"},"canonical":"https:\/\/www.residencecolomboviareggio.it\/ru\/privacy\/","og_locale":"ru_RU","og_type":"article","og_title":"Privacy - Residence Colombo Viareggio","og_description":"Aggiornata al Regolamento GDPR UE 2016\/679 (Regolamento Europeo in materia di protezione dei dati personali) Introduzione Residence Colombo Srl, societ\u00e0 che gestisce i servizi resi all\u2019interno della struttura Residence Colombo in Viareggio, prende in seria considerazione la privacy dell\u2019utente e si impegna al rispetto della stessa. La presente privacy policy (\u201cPrivacy Policy\u201d) descrive le attivit\u00e0 [&hellip;]","og_url":"https:\/\/www.residencecolomboviareggio.it\/ru\/privacy\/","og_site_name":"Residence Colombo Viareggio","article_publisher":"https:\/\/www.facebook.com\/ResidenceColomboViareggio\/?fref=ts","article_modified_time":"2024-08-19T17:23:44+00:00","twitter_card":"summary_large_image","twitter_misc":{"\u041f\u0440\u0438\u043c\u0435\u0440\u043d\u043e\u0435 \u0432\u0440\u0435\u043c\u044f \u0434\u043b\u044f \u0447\u0442\u0435\u043d\u0438\u044f":"8 \u043c\u0438\u043d\u0443\u0442"},"schema":{"@context":"https:\/\/schema.org","@graph":[{"@type":"WebPage","@id":"https:\/\/www.residencecolomboviareggio.it\/ru\/privacy\/","url":"https:\/\/www.residencecolomboviareggio.it\/ru\/privacy\/","name":"Privacy - Residence Colombo Viareggio","isPartOf":{"@id":"https:\/\/www.residencecolomboviareggio.it\/#website"},"datePublished":"2017-04-20T09:10:37+00:00","dateModified":"2024-08-19T17:23:44+00:00","breadcrumb":{"@id":"https:\/\/www.residencecolomboviareggio.it\/ru\/privacy\/#breadcrumb"},"inLanguage":"ru-RU","potentialAction":[{"@type":"ReadAction","target":["https:\/\/www.residencecolomboviareggio.it\/ru\/privacy\/"]}]},{"@type":"BreadcrumbList","@id":"https:\/\/www.residencecolomboviareggio.it\/ru\/privacy\/#breadcrumb","itemListElement":[{"@type":"ListItem","position":1,"name":"Home","item":"https:\/\/www.residencecolomboviareggio.it\/ru\/"},{"@type":"ListItem","position":2,"name":"Privacy"}]},{"@type":"WebSite","@id":"https:\/\/www.residencecolomboviareggio.it\/#website","url":"https:\/\/www.residencecolomboviareggio.it\/","name":"Residence Colombo Viareggio","description":"Appartamenti vacanze Toscana","publisher":{"@id":"https:\/\/www.residencecolomboviareggio.it\/#organization"},"potentialAction":[{"@type":"SearchAction","target":{"@type":"EntryPoint","urlTemplate":"https:\/\/www.residencecolomboviareggio.it\/?s={search_term_string}"},"query-input":{"@type":"PropertyValueSpecification","valueRequired":true,"valueName":"search_term_string"}}],"inLanguage":"ru-RU"},{"@type":"Organization","@id":"https:\/\/www.residencecolomboviareggio.it\/#organization","name":"Residence Colombo Viareggio","url":"https:\/\/www.residencecolomboviareggio.it\/","logo":{"@type":"ImageObject","inLanguage":"ru-RU","@id":"https:\/\/www.residencecolomboviareggio.it\/#\/schema\/logo\/image\/","url":"https:\/\/www.residencecolomboviareggio.it\/wp-content\/uploads\/2017\/06\/logo_header.gif","contentUrl":"https:\/\/www.residencecolomboviareggio.it\/wp-content\/uploads\/2017\/06\/logo_header.gif","width":280,"height":209,"caption":"Residence Colombo Viareggio"},"image":{"@id":"https:\/\/www.residencecolomboviareggio.it\/#\/schema\/logo\/image\/"},"sameAs":["https:\/\/www.facebook.com\/ResidenceColomboViareggio\/?fref=ts"]}]}},"_links":{"self":[{"href":"https:\/\/www.residencecolomboviareggio.it\/ru\/wp-json\/wp\/v2\/pages\/525","targetHints":{"allow":["GET"]}}],"collection":[{"href":"https:\/\/www.residencecolomboviareggio.it\/ru\/wp-json\/wp\/v2\/pages"}],"about":[{"href":"https:\/\/www.residencecolomboviareggio.it\/ru\/wp-json\/wp\/v2\/types\/page"}],"author":[{"embeddable":true,"href":"https:\/\/www.residencecolomboviareggio.it\/ru\/wp-json\/wp\/v2\/users\/10"}],"replies":[{"embeddable":true,"href":"https:\/\/www.residencecolomboviareggio.it\/ru\/wp-json\/wp\/v2\/comments?post=525"}],"version-history":[{"count":7,"href":"https:\/\/www.residencecolomboviareggio.it\/ru\/wp-json\/wp\/v2\/pages\/525\/revisions"}],"predecessor-version":[{"id":10761,"href":"https:\/\/www.residencecolomboviareggio.it\/ru\/wp-json\/wp\/v2\/pages\/525\/revisions\/10761"}],"wp:attachment":[{"href":"https:\/\/www.residencecolomboviareggio.it\/ru\/wp-json\/wp\/v2\/media?parent=525"}],"curies":[{"name":"wp","href":"https:\/\/api.w.org\/{rel}","templated":true}]}}